{"id":31471,"date":"2022-08-11T13:50:02","date_gmt":"2022-08-11T16:50:02","guid":{"rendered":"https:\/\/pageup-solutions.com\/sitenoticiasvc1\/?page_id=31471"},"modified":"2022-08-11T13:50:02","modified_gmt":"2022-08-11T16:50:02","slug":"publicar","status":"publish","type":"page","link":"https:\/\/pageup-solutions.com\/sitenoticiasvc1\/classifieds\/publicar\/","title":{"rendered":"Publicar"},"content":{"rendered":"<style type=\"text\/css\">\n    .wpadverts-publish form.wpadverts-form {\n        --wpa-color-gray-50: 248,250,252;\r\n--wpa-color-gray-100: 241,245,249;\r\n--wpa-color-gray-200: 226,232,240;\r\n--wpa-color-gray-300: 203,213,225;\r\n--wpa-color-gray-400: 148,163,184;\r\n--wpa-color-gray-500: 100,116,139;\r\n--wpa-color-gray-600: 71,85,105;\r\n--wpa-color-gray-700: 51,65,85;\r\n--wpa-color-gray-800: 30,41,59;\r\n--wpa-color-gray-900: 15,23,42;\r\n    }\n         .wpa-btn-primary {\n        color: #ffffff;\n        background-color: #1e73be;\n        border-color: #1e73be;\n        --wpa-btn-shadow-color: #1e73be;\n    }\n     .wpa-btn-primary > span > i.fas {\n        color: #ffffff;\n    }\n     .wpa-btn-primary:hover {\n        color: #ffffff;\n        background-color: #1e73be;\n        border-color: #1e73be;\n        --wpa-btn-shadow-color: #1e73be;\n    }\n     .wpa-btn-primary:hover > span > i.fas {\n        color: #ffffff;\n    }\n             .wpa-btn-secondary {\n        color: #6b7280;\n        background-color: #e5e7eb;\n        border-color: #e5e7eb;\n        --wpa-btn-shadow-color: #e5e7eb;\n    }\n     .wpa-btn-secondary > span > i.fas {\n        color: #6b7280;\n    }\n     .wpa-btn-secondary:hover {\n        color: #374151;\n        background-color: #e5e7eb;\n        border-color: #e5e7eb;\n        --wpa-btn-shadow-color: #e5e7eb;\n    }\n     .wpa-btn-secondary:hover > span > i.fas {\n        color: #374151;\n    }\n    <\/style>\n\n<div class=\"wpadverts-blocks wpadverts-publish\">\n    \n                            \n    \n    \n<div class=\"wpadverts-block wpadverts-partial wpadverts-form\">\n    <form  action=\"\" method=\"post\" class=\"wpadverts-form wpa-unstyled wpa-shadow-md wpa-border-thick wpa-rounded-xl wpa-spacing-1 wpa-form-interline wpa-padding-sm wpa-layout-aligned  atw-block atw-py-0\">\n\n                <input type=\"hidden\" name=\"_post_id\" id=\"_post_id\"  \/>                <input type=\"hidden\" name=\"_adverts_action\" id=\"_adverts_action\" value=\"preview\"  \/>                <input type=\"hidden\" name=\"_wpadverts_checksum\" id=\"_wpadverts_checksum\" value=\"eb89ad9eb7a0066f8f79ce31a9924f31\"  \/>                <input type=\"hidden\" name=\"_wpadverts_checksum_nonce\" id=\"_wpadverts_checksum_nonce\" value=\"fe65b9fa22\"  \/>                <input type=\"hidden\" name=\"_post_id_nonce\" id=\"_post_id_nonce\"  \/>                <input type=\"hidden\" name=\"_timetrap_field\" id=\"_timetrap_field\" value=\"SmRmcExBSTZzVXRmWmFuMkQ2T3ZSZz09\"  \/>                \n        <!--div class=\"atw-flex atw-flex-col md:atw-flex-col\"-->\n            \n            <div class=\"wpa-form-wrap\">\n                <div class=\"wpa-form-wrap-inner\">\n                                                                                                        <div data-name=\"_contact_information\" class=\"wpa-form-header wpa-field--_contact_information atw-w-full wpa-w-full\">\n                            <span class=\"wpa-form-header-label \">Informa\u00e7\u00f5es de contato<\/span>\n                                                    <\/div>\n                                                                                                                            <div data-name=\"_adverts_account\" class=\"wpa-field-wrap wpa-field--_adverts_account atw-w-full wpa-w-full \">\n                                                        <span class=\"wpa-field-label\">\n                                <span class=\"wpa-field-label-text\">Conta<\/span>\n                                                            <\/span>\n                                                                                                                <div class=\"wpa-field-input wpadverts-input--other\">\n                                                                                                <div class=\"adverts-form-input-group adverts-form-input-group-checkbox adverts-field-rows-1\" ><div class=\" atw-text-base atw-w-full atw-max-w-full\" ><label for=\"_adverts_account_1\" ><input type=\"checkbox\" name=\"_adverts_account[]\" id=\"_adverts_account_1\" value=\"1\"  \/> Criar uma conta para mim para que eu possa gerenciar todos os meus an\u00fancios (a senha ser\u00e1 enviada para voc\u00ea) ou <a href=\"https:\/\/pageup-solutions.com\/sitenoticiasvc1\/wp-login.php?redirect_to=https%3A%2F%2Fpageup-solutions.com%2Fsitenoticiasvc1%2Fclassifieds%2Fpublicar%2F\"> Entrar <\/a><\/label><\/div><\/div>\n                                \n                                                            <\/div>\n                        <\/div>\n                                                                                                                            <div data-name=\"adverts_person\" class=\"wpa-field-wrap wpa-field--adverts_person atw-w-full wpa-w-full \">\n                                                        <span class=\"wpa-field-label\">\n                                <span class=\"wpa-field-label-text\">Contato<\/span>\n                                                                <span class=\"wpa-field-asterisk\">*<\/span>\n                                                            <\/span>\n                                                                                                                <div class=\"wpa-field-input wpadverts-input--text\">\n                                                                                                <input type=\"text\" name=\"adverts_person\" id=\"adverts_person\" class=\" atw-text-base atw-w-full atw-max-w-full\"  \/>\n                                \n                                                            <\/div>\n                        <\/div>\n                                                                                                                            <div data-name=\"adverts_email\" class=\"wpa-field-wrap wpa-field--adverts_email atw-w-full wpa-w-full \">\n                                                        <span class=\"wpa-field-label\">\n                                <span class=\"wpa-field-label-text\">Email<\/span>\n                                                                <span class=\"wpa-field-asterisk\">*<\/span>\n                                                            <\/span>\n                                                                                                                <div class=\"wpa-field-input wpadverts-input--text\">\n                                                                                                <input type=\"text\" name=\"adverts_email\" id=\"adverts_email\" class=\" atw-text-base atw-w-full atw-max-w-full\"  \/>\n                                \n                                                            <\/div>\n                        <\/div>\n                                                                                                                            <div data-name=\"adverts_phone\" class=\"wpa-field-wrap wpa-field--adverts_phone atw-w-full wpa-w-full \">\n                                                        <span class=\"wpa-field-label\">\n                                <span class=\"wpa-field-label-text\">N\u00famero do Telefone<\/span>\n                                                            <\/span>\n                                                                                                                <div class=\"wpa-field-input wpadverts-input--text\">\n                                                                                                <input type=\"text\" name=\"adverts_phone\" id=\"adverts_phone\" class=\" atw-text-base atw-w-full atw-max-w-full\"  \/>\n                                \n                                                            <\/div>\n                        <\/div>\n                                                                                                                            <div data-name=\"_item_information\" class=\"wpa-form-header wpa-field--_item_information atw-w-full wpa-w-full\">\n                            <span class=\"wpa-form-header-label \">Informa\u00e7\u00f5es sobre o item<\/span>\n                                                    <\/div>\n                                                                                                                            <div data-name=\"post_title\" class=\"wpa-field-wrap wpa-field--post_title atw-w-full wpa-w-full \">\n                                                        <span class=\"wpa-field-label\">\n                                <span class=\"wpa-field-label-text\">T\u00edtulo<\/span>\n                                                                <span class=\"wpa-field-asterisk\">*<\/span>\n                                                            <\/span>\n                                                                                                                <div class=\"wpa-field-input wpadverts-input--text\">\n                                                                                                <input type=\"text\" name=\"post_title\" id=\"post_title\" class=\" atw-text-base atw-w-full atw-max-w-full\"  \/>\n                                \n                                                            <\/div>\n                        <\/div>\n                                                                                                                            <div data-name=\"advert_category\" class=\"wpa-field-wrap wpa-field--advert_category atw-w-full wpa-w-full \">\n                                                        <span class=\"wpa-field-label\">\n                                <span class=\"wpa-field-label-text\">Categoria<\/span>\n                                                            <\/span>\n                                                                                                                <div class=\"wpa-field-input wpadverts-input--select\">\n                                                                                                <select id=\"advert_category\" name=\"advert_category[]\" class=\" atw-text-base atw-w-full atw-max-w-full adverts-multiselect adverts-max-choices[10]\" multiple=\"multiple\" ><option value=\"489\" >Celular<\/option><option value=\"490\" >Im\u00f3veis<\/option><option value=\"488\" >Inform\u00e1tica<\/option><option value=\"487\" >Pets<\/option><option value=\"486\" >Ve\u00edculos<\/option><\/select>\n                                \n                                                            <\/div>\n                        <\/div>\n                                                                                                                            <div data-name=\"gallery\" class=\"wpa-field-wrap wpa-field--gallery atw-w-full wpa-w-full \">\n                                                        <span class=\"wpa-field-label\">\n                                <span class=\"wpa-field-label-text\">Galeria<\/span>\n                                                            <\/span>\n                                                                                                                <div class=\"wpa-field-input wpadverts-input--other\">\n                                                                                                \n\n        <div id=\"adverts-plupload-upload-ui-gallery\" class=\"adverts-plupload-upload-ui adverts-browser-frontend\">\n        <div id=\"adverts-drag-drop-area-gallery\"class=\"adverts-drag-drop-area\">\n        \n        <\/div>\n        <div class=\"wpadverts-gallery atw-flex atw-flex-col atw-bg-white atw-border-2 atw-border-dashed atw-border-gray-300 atw-rounded-lg atw-py-3 atw-items-center\">\n            \n            <div class=\" atw-text-gray-400 atw-text-4xl atw-pt-4 atw-pb-2\">\n                <i class=\"fa-solid fa-upload \"><\/i>\n            <\/div>\n            <div class=\"atw-pt-2 atw-pb-4 atw-text-gray-700 atw-text-base\">\n                <a href=\"#\" id=\"adverts-plupload-browse-button-gallery\" class=\"\">Upload a file<\/a>\n                or drag and drop.            <\/div>\n\n        <\/div>\n        <div class=\"adverts-gallery-uploads\">\n\n        <\/div>\n\n    <\/div>\n        \n            \n        \n    \n    <script type=\"text\/javascript\">\n    if(typeof ADVERTS_PLUPLOAD_DATA === \"undefined\") {\n        var ADVERTS_PLUPLOAD_DATA = [];\n    }\n    ADVERTS_PLUPLOAD_DATA.push({\"init\":{\"runtimes\":\"html5,silverlight,flash,html4\",\"browse_button\":\"adverts-plupload-browse-button-gallery\",\"container\":\"adverts-plupload-upload-ui-gallery\",\"drop_element\":\"adverts-drag-drop-area-gallery\",\"file_data_name\":\"async-upload\",\"multiple_queues\":true,\"max_file_size\":\"0\",\"url\":\"https:\\\/\\\/pageup-solutions.com\\\/sitenoticiasvc1\\\/wp-admin\\\/admin-ajax.php\",\"flash_swf_url\":\"https:\\\/\\\/pageup-solutions.com\\\/sitenoticiasvc1\\\/wp-includes\\\/js\\\/plupload\\\/plupload.flash.swf\",\"silverlight_xap_url\":\"https:\\\/\\\/pageup-solutions.com\\\/sitenoticiasvc1\\\/wp-includes\\\/js\\\/plupload\\\/plupload.silverlight.xap\",\"filters\":[{\"title\":\"Arquivos permitidos\",\"extensions\":\"*\"}],\"multipart\":true,\"urlstream_upload\":true,\"multipart_params\":{\"_wpadverts_checksum_nonce\":\"fe65b9fa22\",\"_wpadverts_checksum\":\"eb89ad9eb7a0066f8f79ce31a9924f31\",\"action\":\"adverts_gallery_upload\",\"form\":\"advert\",\"field_name\":\"gallery\"}},\"data\":[],\"conf\":{\"button_class\":\"adverts-button\",\"input_post_id\":\"#_post_id\",\"input_post_id_nonce\":\"#_post_id_nonce\",\"_wpadverts_checksum_nonce\":\"fe65b9fa22\",\"_wpadverts_checksum\":\"eb89ad9eb7a0066f8f79ce31a9924f31\",\"_post_id\":null,\"_post_id_nonce\":null,\"field_name\":\"gallery\",\"form_name\":\"advert\",\"save\":{\"method\":\"media-library\",\"supports\":[\"featured\"]},\"uniqid\":null},\"sizes\":{\"adverts_gallery\":{\"enabled\":1,\"width\":650,\"height\":300,\"crop\":false},\"adverts_list\":{\"enabled\":1,\"width\":310,\"height\":310,\"crop\":false},\"adverts_upload_thumbnail\":{\"enabled\":1,\"width\":150,\"height\":105,\"crop\":false}}});\n    \n    if(typeof ADVERTS_IMAGE_SIZES === \"undefined\") {\n        var ADVERTS_IMAGE_SIZES = {\"adverts_gallery\":{\"enabled\":1,\"width\":650,\"height\":300,\"crop\":false},\"adverts_list\":{\"enabled\":1,\"width\":310,\"height\":310,\"crop\":false},\"adverts_upload_thumbnail\":{\"enabled\":1,\"width\":150,\"height\":105,\"crop\":false}};\n    }\n    <\/script>\n    \n                                \n                                                            <\/div>\n                        <\/div>\n                                                                                                                            <div data-name=\"post_content\" class=\"wpa-field-wrap wpa-field--post_content atw-w-full wpa-w-full \">\n                                                        <span class=\"wpa-field-label\">\n                                <span class=\"wpa-field-label-text\">Descri\u00e7\u00e3o<\/span>\n                                                                <span class=\"wpa-field-asterisk\">*<\/span>\n                                                            <\/span>\n                                                                                                                <div class=\"wpa-field-input wpadverts-input--textarea\">\n                                                                                                <div id=\"wp-post_content-wrap\" class=\"wp-core-ui wp-editor-wrap tmce-active\"><link rel='stylesheet' id='dashicons-css' href='https:\/\/pageup-solutions.com\/sitenoticiasvc1\/wp-includes\/css\/dashicons.min.css?ver=6.9.4' type='text\/css' media='all' \/>\n<link rel='stylesheet' id='editor-buttons-css' href='https:\/\/pageup-solutions.com\/sitenoticiasvc1\/wp-includes\/css\/editor.min.css?ver=6.9.4' type='text\/css' media='all' \/>\n<div id=\"wp-post_content-editor-container\" class=\"wp-editor-container\"><textarea class=\"wp-editor-area\" rows=\"8\" autocomplete=\"off\" cols=\"40\" name=\"post_content\" id=\"post_content\"><\/textarea><\/div>\n<\/div>\n\n\n                                \n                                                            <\/div>\n                        <\/div>\n                                                                                                                            <div data-name=\"adverts_price\" class=\"wpa-field-wrap wpa-field--adverts_price atw-w-full wpa-w-full \">\n                                                        <span class=\"wpa-field-label\">\n                                <span class=\"wpa-field-label-text\">Pre\u00e7o<\/span>\n                                                            <\/span>\n                                                                                                                <div class=\"wpa-field-input wpadverts-input--text\">\n                                                                                                <input type=\"text\" name=\"adverts_price\" id=\"adverts_price\" class=\"adverts-filter-money atw-text-base atw-w-full atw-max-w-full\"  \/>\n                                                                <div class=\"wpa-field-desc\">\n                                    <span class=\"wpa-field-desc-text \"><\/span>\n                                <\/div>\n                                \n                                                            <\/div>\n                        <\/div>\n                                                                                                                            <div data-name=\"adverts_location\" class=\"wpa-field-wrap wpa-field--adverts_location atw-w-full wpa-w-full \">\n                                                        <span class=\"wpa-field-label\">\n                                <span class=\"wpa-field-label-text\">Localiza\u00e7\u00e3o<\/span>\n                                                            <\/span>\n                                                                                                                <div class=\"wpa-field-input wpadverts-input--text\">\n                                                                                                <input type=\"text\" name=\"adverts_location\" id=\"adverts_location\" class=\" atw-text-base atw-w-full atw-max-w-full\"  \/>\n                                \n                                                            <\/div>\n                        <\/div>\n                                                                                                                            <div data-name=\"_listing_information\" class=\"wpa-form-header wpa-field--_listing_information atw-w-full wpa-w-full\">\n                            <span class=\"wpa-form-header-label \">Informa\u00e7\u00f5es e An\u00fancios<\/span>\n                                                    <\/div>\n                                                                                                                            <div data-name=\"payments_listing_type\" class=\"wpa-field-wrap wpa-field--payments_listing_type atw-w-full wpa-w-full \">\n                                                        <span class=\"wpa-field-label\">\n                                <span class=\"wpa-field-label-text\">Listagem<\/span>\n                                                                <span class=\"wpa-field-asterisk\">*<\/span>\n                                                            <\/span>\n                                                                                                                <div class=\"wpa-field-input wpadverts-input--other\">\n                                                                                                <div class=\"adverts-pricings-list atw-flex atw-flex-col\">\n        <div class=\"atw-flex atw-items-center atw-p-3 atw-mb-3 atw-rounded-md atw-border atw-border-solid atw-border-gray-100 -atw-bg-gray-50 \">\n\n            <label class=\"atw-flex-none atw-pr-3 \" for=\"payments_listing_type_31478\">\n                <input name=\"payments_listing_type\" class=\"atw-bg-white atw-border atw-border-solid atw-border-300\" id=\"payments_listing_type_31478\" type=\"radio\" value=\"31478\"   \/>\n            <\/label>\n\n            <div class=\"atw-flex-1\">\n                <div class=\"adverts-listing-type-name\">\n                    <span class=\"atw-font-normal atw-text-xl\">Cl\u00e1ssico<\/span>\n                <\/div>\n\n                <div class=\"adverts-listing-type-features\">\n                    <span class=\"atw-text-sm atw-text-gray-600\">\n                                                Vis\u00edvel 15 dias                                            <\/span>\n                    \n    <span class=\"adverts-listing-type-feature-featured\">\n        <span class=\"adverts-icon-flag\"><\/span>\n        Destaque    <\/span>\n\n                    <\/div>\n\n                            <\/div>\n\n            <span class=\"\">\n                <span class=\"atw-font-bold atw-text-xl\">R$20,00<\/span>\n            <\/span>\n        <\/div>\n\n        \n        <div class=\"atw-flex atw-items-center atw-p-3 atw-mb-3 atw-rounded-md atw-border atw-border-solid atw-border-gray-100 -atw-bg-gray-50 \">\n\n            <label class=\"atw-flex-none atw-pr-3 \" for=\"payments_listing_type_31474\">\n                <input name=\"payments_listing_type\" class=\"atw-bg-white atw-border atw-border-solid atw-border-300\" id=\"payments_listing_type_31474\" type=\"radio\" value=\"31474\"   \/>\n            <\/label>\n\n            <div class=\"atw-flex-1\">\n                <div class=\"adverts-listing-type-name\">\n                    <span class=\"atw-font-normal atw-text-xl\">Premium<\/span>\n                <\/div>\n\n                <div class=\"adverts-listing-type-features\">\n                    <span class=\"atw-text-sm atw-text-gray-600\">\n                                                Vis\u00edvel 30 dias                                            <\/span>\n                    \n    <span class=\"adverts-listing-type-feature-featured\">\n        <span class=\"adverts-icon-flag\"><\/span>\n        Destaque    <\/span>\n\n                    <\/div>\n\n                            <\/div>\n\n            <span class=\"\">\n                <span class=\"atw-font-bold atw-text-xl\">R$50,00<\/span>\n            <\/span>\n        <\/div>\n\n        \n        <div class=\"atw-flex atw-items-center atw-p-3 atw-mb-3 atw-rounded-md atw-border atw-border-solid atw-border-gray-100 -atw-bg-gray-50 \">\n\n            <label class=\"atw-flex-none atw-pr-3 \" for=\"payments_listing_type_31473\">\n                <input name=\"payments_listing_type\" class=\"atw-bg-white atw-border atw-border-solid atw-border-300\" id=\"payments_listing_type_31473\" type=\"radio\" value=\"31473\"  checked='checked'  \/>\n            <\/label>\n\n            <div class=\"atw-flex-1\">\n                <div class=\"adverts-listing-type-name\">\n                    <span class=\"atw-font-normal atw-text-xl\">Gr\u00e1tis<\/span>\n                <\/div>\n\n                <div class=\"adverts-listing-type-features\">\n                    <span class=\"atw-text-sm atw-text-gray-600\">\n                                                Vis\u00edvel 7 dias                                            <\/span>\n                                    <\/div>\n\n                            <\/div>\n\n            <span class=\"\">\n                <span class=\"atw-font-bold atw-text-xl\">Gr\u00e1tis<\/span>\n            <\/span>\n        <\/div>\n\n        <\/div>\n                                \n                                                            <\/div>\n                        <\/div>\n                                                        <\/div>\n\n            <\/div>\n            \n            \n                        <div class=\"wpa-form-buttons \">\n        \n                                <div class=\"wpa-form-buttons-list\">\n                        <button name=\"adverts_contact_form\" value=\"1\" type=\"submit\"  class=\"wpa-btn-primary wpadverts-block-cf-send  atw-flex hover:atw-bg-none atw-bg-none atw-w-full atw-text-base atw-outline-none atw-border-solid atw-font-semibold atw-px-6 atw-py-2 atw-rounded atw-border atw-leading-loose\">\n        <div class=\"atw-flex-grow\">\n                <span class=\"atw-inline md:atw-inline atw-px-0.5\"><i class=\"fas-mail-alt atw-text-base md:atw-text-base\"><\/i><\/span> \n                <span class=\"atw-inline md:atw-inline atw-px-0.5\">Visualizar lista<i class=\"fa fa-arrow-right atw-pl-3\"><\/i><\/span>\n        <\/div>\n        <span style=\"display:none\" class=\"atw-flex-0 atw-pl-6 atw-border-l atw-border-gray-800\/20 atw-border-solid\"><i class=\"fas fa-angle-down atw-text-2xl -atw-leading-tight atw-align-middle\"><\/i><\/span>\n    <\/button>\n                    <\/div>\n                \n            <\/div>\n                        \n            \n        <!--\/div-->\n        \n        \n    <\/form>\n<\/div><\/div>","protected":false},"excerpt":{"rendered":"","protected":false},"author":1,"featured_media":0,"parent":31470,"menu_order":0,"comment_status":"closed","ping_status":"closed","template":"","meta":{"footnotes":""},"class_list":["post-31471","page","type-page","status-publish","hentry"],"_links":{"self":[{"href":"https:\/\/pageup-solutions.com\/sitenoticiasvc1\/wp-json\/wp\/v2\/pages\/31471","targetHints":{"allow":["GET"]}}],"collection":[{"href":"https:\/\/pageup-solutions.com\/sitenoticiasvc1\/wp-json\/wp\/v2\/pages"}],"about":[{"href":"https:\/\/pageup-solutions.com\/sitenoticiasvc1\/wp-json\/wp\/v2\/types\/page"}],"author":[{"embeddable":true,"href":"https:\/\/pageup-solutions.com\/sitenoticiasvc1\/wp-json\/wp\/v2\/users\/1"}],"replies":[{"embeddable":true,"href":"https:\/\/pageup-solutions.com\/sitenoticiasvc1\/wp-json\/wp\/v2\/comments?post=31471"}],"version-history":[{"count":1,"href":"https:\/\/pageup-solutions.com\/sitenoticiasvc1\/wp-json\/wp\/v2\/pages\/31471\/revisions"}],"predecessor-version":[{"id":31489,"href":"https:\/\/pageup-solutions.com\/sitenoticiasvc1\/wp-json\/wp\/v2\/pages\/31471\/revisions\/31489"}],"up":[{"embeddable":true,"href":"https:\/\/pageup-solutions.com\/sitenoticiasvc1\/wp-json\/wp\/v2\/pages\/31470"}],"wp:attachment":[{"href":"https:\/\/pageup-solutions.com\/sitenoticiasvc1\/wp-json\/wp\/v2\/media?parent=31471"}],"curies":[{"name":"wp","href":"https:\/\/api.w.org\/{rel}","templated":true}]}}