{"id":31503,"date":"2022-09-27T09:05:03","date_gmt":"2022-09-27T12:05:03","guid":{"rendered":"https:\/\/pageup-solutions.com\/sitenoticiasvc1\/?page_id=31503"},"modified":"2022-09-27T09:05:03","modified_gmt":"2022-09-27T12:05:03","slug":"reembolso_devolucoes","status":"publish","type":"page","link":"https:\/\/pageup-solutions.com\/sitenoticiasvc1\/reembolso_devolucoes\/","title":{"rendered":"Pol\u00edtica de reembolso e devolu\u00e7\u00f5es"},"content":{"rendered":"\r\n<p><b>Esta \u00e9 uma p\u00e1gina de amostra.<\/b><\/p>\r\n<h3>Vis\u00e3o geral<\/h3>\r\n<p>Nossa pol\u00edtica de reembolso e devolu\u00e7\u00e3o dura 30 dias. Se 30 dias se passaram desde a sua compra, n\u00e3o podemos oferecer um reembolso total ou troca.<\/p>\r\n<p>Para ser eleg\u00edvel para um retorno, seu item deve ser n\u00e3o usado e na mesma condi\u00e7\u00e3o que voc\u00ea recebeu. Tamb\u00e9m deve estar na embalagem original.<\/p>\r\n<p>V\u00e1rios tipos de mercadorias est\u00e3o isentas de serem devolvidas. Produtos perec\u00edveis, como comida, flores, jornais ou revistas, n\u00e3o podem ser devolvidos. Tamb\u00e9m n\u00e3o aceitamos produtos que sejam bens \u00edntimos ou sanit\u00e1rios, materiais perigosos ou l\u00edquidos inflam\u00e1veis ou gases.<\/p>\r\n<p>Itens adicionais n\u00e3o reem\u00e1veis:<\/p>\r\n<ul>\r\n<li>Cart\u00f5es de presente<\/li>\r\n<li>Produtos de software para download<\/li>\r\n<li>Alguns itens de sa\u00fade e cuidados pessoais<\/li>\r\n<\/ul>\r\n<p>Para completar seu retorno, exigimos um recibo ou comprovante de compra.<\/p>\r\n<p>Por favor, n\u00e3o envie sua compra de volta para o fabricante.<\/p>\r\n<p>Existem certas situa\u00e7\u00f5es em que apenas as restitui\u00e7\u00f5es parciais s\u00e3o concedidas:<\/p>\r\n<ul>\r\n<li>Reserve com sinais \u00f3bvios de uso<\/li>\r\n<li>CD, DVD, fita VHS, software, videogame, fita ou disco de vinil que foi aberto.<\/li>\r\n<li>Qualquer item que n\u00e3o esteja em sua condi\u00e7\u00e3o original, est\u00e1 danificado ou faltando pe\u00e7as por raz\u00f5es n\u00e3o devido ao nosso erro.<\/li>\r\n<li>Qualquer item que seja devolvido mais de 30 dias ap\u00f3s a entrega<\/li>\r\n<\/ul>\r\n<h2>Restitui\u00e7\u00f5es<\/h2>\r\n<p>Assim que seu retorno for recebido e inspecionado, enviaremos um e-mail para notific\u00e1-lo de que recebemos seu item devolvido. Tamb\u00e9m o notificaremos da aprova\u00e7\u00e3o ou rejei\u00e7\u00e3o de seu reembolso.<\/p>\r\n<p>Se voc\u00ea for aprovado, ent\u00e3o seu reembolso ser\u00e1 processado, e um cr\u00e9dito ser\u00e1 automaticamente aplicado em seu cart\u00e3o de cr\u00e9dito ou m\u00e9todo original de pagamento, dentro de uma certa quantidade de dias.<\/p>\r\n<p><b>Reembolsos atrasados ou perdidos<\/b><\/p>\r\n<p>Se voc\u00ea ainda n\u00e3o recebeu um reembolso, primeiro verifique sua conta banc\u00e1ria novamente.<\/p>\r\n<p>Em seguida, entre em contato com sua empresa de cart\u00e3o de cr\u00e9dito, pode levar algum tempo antes que seu reembolso seja oficialmente publicado.<\/p>\r\n<p>Em seguida, entre em contato com seu banco. Muitas vezes h\u00e1 algum tempo de processamento antes que um reembolso seja publicado.<\/p>\r\n<p>Se voc\u00ea fez tudo isso e ainda n\u00e3o recebeu seu reembolso, entre em contato conosco em {endere\u00e7o de e-mail}.<\/p>\r\n<p><b>Itens de venda<\/b><\/p>\r\n<p>Apenas itens com pre\u00e7os regulares podem ser reembolsados. Os itens de venda n\u00e3o podem ser reembolsados.<\/p>\r\n<h2>Interc\u00e2mbios<\/h2>\r\n<p>S\u00f3 substitu\u00edmos os itens se estiverem defeituosos ou danificados. Se voc\u00ea precisar troc\u00e1-lo pelo mesmo item, envie-nos um e-mail em {endere\u00e7o de e-mail} e envie seu item para: {endere\u00e7o f\u00edsico}.<\/p>\r\n<h2>Presentes<\/h2>\r\n<p>Se o item foi marcado como um presente quando comprado e enviado diretamente para voc\u00ea, voc\u00ea receber\u00e1 um cr\u00e9dito de presente pelo valor do seu retorno. Uma vez que o item devolvido seja recebido, um vale-presente ser\u00e1 enviado para voc\u00ea.<\/p>\r\n<p>Se o item n\u00e3o foi marcado como um presente quando comprado, ou o doador teve a ordem enviada para si mesmo para dar a voc\u00ea mais tarde, enviaremos um reembolso ao doador e eles descobrir\u00e3o sobre o seu retorno.<\/p>\r\n<h2>Retornos de envio<\/h2>\r\n<p>Para devolver seu produto, voc\u00ea deve enviar seu produto para: {endere\u00e7o f\u00edsico}.<\/p>\r\n<p>Voc\u00ea ser\u00e1 respons\u00e1vel por pagar seus pr\u00f3prios custos de envio para devolver seu item. Os custos de envio n\u00e3o s\u00e3o reembols\u00e1veis. Se voc\u00ea receber um reembolso, o custo do envio de devolu\u00e7\u00e3o ser\u00e1 deduzido do seu reembolso.<\/p>\r\n<p>Dependendo de onde voc\u00ea mora, o tempo que pode levar para que seu produto trocado chegue at\u00e9 voc\u00ea pode variar.<\/p>\r\n<p>Se voc\u00ea estiver devolvendo itens mais caros, voc\u00ea pode considerar usar um servi\u00e7o de transporte rastre\u00e1vel ou comprar um seguro de transporte. N\u00e3o garantimos que receberemos seu item devolvido.<\/p>\r\n<h2>Precisa de ajuda?<\/h2>\r\n<p>Entre em contato conosco em {email} para perguntas relacionadas a reembolsos e devolu\u00e7\u00f5es.<\/p>\r\n","protected":false},"excerpt":{"rendered":"<p>Esta \u00e9 uma p\u00e1gina de amostra. Vis\u00e3o geral Nossa pol\u00edtica de reembolso e devolu\u00e7\u00e3o dura 30 dias. Se 30 dias [&hellip;]<\/p>\n","protected":false},"author":1,"featured_media":0,"parent":0,"menu_order":0,"comment_status":"closed","ping_status":"closed","template":"","meta":{"footnotes":""},"class_list":["post-31503","page","type-page","status-publish","hentry"],"_links":{"self":[{"href":"https:\/\/pageup-solutions.com\/sitenoticiasvc1\/wp-json\/wp\/v2\/pages\/31503","targetHints":{"allow":["GET"]}}],"collection":[{"href":"https:\/\/pageup-solutions.com\/sitenoticiasvc1\/wp-json\/wp\/v2\/pages"}],"about":[{"href":"https:\/\/pageup-solutions.com\/sitenoticiasvc1\/wp-json\/wp\/v2\/types\/page"}],"author":[{"embeddable":true,"href":"https:\/\/pageup-solutions.com\/sitenoticiasvc1\/wp-json\/wp\/v2\/users\/1"}],"replies":[{"embeddable":true,"href":"https:\/\/pageup-solutions.com\/sitenoticiasvc1\/wp-json\/wp\/v2\/comments?post=31503"}],"version-history":[{"count":1,"href":"https:\/\/pageup-solutions.com\/sitenoticiasvc1\/wp-json\/wp\/v2\/pages\/31503\/revisions"}],"predecessor-version":[{"id":31640,"href":"https:\/\/pageup-solutions.com\/sitenoticiasvc1\/wp-json\/wp\/v2\/pages\/31503\/revisions\/31640"}],"wp:attachment":[{"href":"https:\/\/pageup-solutions.com\/sitenoticiasvc1\/wp-json\/wp\/v2\/media?parent=31503"}],"curies":[{"name":"wp","href":"https:\/\/api.w.org\/{rel}","templated":true}]}}